{"id":524,"date":"2019-04-08T17:56:19","date_gmt":"2019-04-08T17:56:19","guid":{"rendered":"https:\/\/manfredrischert.eu\/impressum\/"},"modified":"2022-05-31T19:13:33","modified_gmt":"2022-05-31T17:13:33","slug":"impressum","status":"publish","type":"page","link":"https:\/\/manfredrischert.eu\/es\/impressum\/","title":{"rendered":"Impressum"},"content":{"rendered":"\n<!-- Legal document generated by Complianz | GDPR\/CCPA Cookie Consent https:\/\/wordpress.org\/plugins\/complianz-gdpr -->\n<div id=\"cmplz-document\" class=\"cmplz-document impressum cmplz-document-all\"><p><i>Este aviso legal \/ imprint fue actualizado por \u00faltima vez el 04\/04\/2024.<\/i><\/p><p class=\"cmplz-subtitle\">El propietario de esta web es:<\/p><p>Manfred Rischert <br>Calle Neptuno 3<br \/>\r\n29793 Torrox<br>Espa\u00f1a<br>Correo electr\u00f3nico:&nbsp;<span class=\"cmplz-obfuscate\">i&#110;&#102;&#111;@<span class=\"cmplz-fmail-domain\">&#101;x&#046;&#099;o&#109;<\/span>ma&#110;&#102;&#114;&#101;d&#114;i&#115;c&#104;&#101;&#114;t&#046;e&#117;<\/span><br>N\u00famero de tel\u00e9fono: +34 608 27 51 11<br>CIF (N\u00famero de IVA):&nbsp;ES X8226145B<\/p><h2>1. General<\/h2><p>No estamos dispuestos ni obligados a participar en procedimientos de resoluci\u00f3n de conflictos ante una junta de arbitraje de consumo.<\/p><\/div>\n","protected":false},"excerpt":{"rendered":"","protected":false},"author":1,"featured_media":0,"parent":0,"menu_order":0,"comment_status":"closed","ping_status":"closed","template":"","meta":{"ngg_post_thumbnail":0},"_links":{"self":[{"href":"https:\/\/manfredrischert.eu\/es\/wp-json\/wp\/v2\/pages\/524"}],"collection":[{"href":"https:\/\/manfredrischert.eu\/es\/wp-json\/wp\/v2\/pages"}],"about":[{"href":"https:\/\/manfredrischert.eu\/es\/wp-json\/wp\/v2\/types\/page"}],"author":[{"embeddable":true,"href":"https:\/\/manfredrischert.eu\/es\/wp-json\/wp\/v2\/users\/1"}],"replies":[{"embeddable":true,"href":"https:\/\/manfredrischert.eu\/es\/wp-json\/wp\/v2\/comments?post=524"}],"version-history":[{"count":2,"href":"https:\/\/manfredrischert.eu\/es\/wp-json\/wp\/v2\/pages\/524\/revisions"}],"predecessor-version":[{"id":709,"href":"https:\/\/manfredrischert.eu\/es\/wp-json\/wp\/v2\/pages\/524\/revisions\/709"}],"wp:attachment":[{"href":"https:\/\/manfredrischert.eu\/es\/wp-json\/wp\/v2\/media?parent=524"}],"curies":[{"name":"wp","href":"https:\/\/api.w.org\/{rel}","templated":true}]}}