{"id":467,"date":"2017-07-14T10:30:54","date_gmt":"2017-07-14T10:30:54","guid":{"rendered":"http:\/\/wp.manfredrischert.eu\/home\/"},"modified":"2021-05-17T19:52:13","modified_gmt":"2021-05-17T17:52:13","slug":"home","status":"publish","type":"page","link":"https:\/\/manfredrischert.eu\/es\/","title":{"rendered":"Inicio"},"content":{"rendered":"<p><img decoding=\"async\" src=\"https:\/\/manfredrischert.eu\/wp-content\/uploads\/2021\/05\/klempner-in-der-axarquia.jpg\" alt=\"Fontanero en la Axarquia - Manfred Rischert\" \/><br \/>center<\/p>\n<p><img decoding=\"async\" src=\"https:\/\/manfredrischert.eu\/wp-content\/uploads\/2019\/04\/axarquia-plumber.jpg\" alt=\"\" \/><br \/>center<\/p>\n<p>Box<\/p>\n<h3>Especialidades<\/h3>\n<hr class=\"no_line\" \/>\n\n<p><a href=\"\/es\/banos\">Ba\u00f1os<\/a><\/p>\n<p><a href=\"\/es\/calefaccion\/\">Calefacci\u00f3n<\/a><\/p>\n<p><a href=\"\/es\/placas-solares\/\">Placas solares<\/a><\/p>\n<p><a href=\"\/es\/fontaneria\/\">Fontaner\u00eda<\/a><br \/>no-repeat;center top;;<br \/>auto<br \/>0px<br \/>20px 20px 20px 20px<\/p>\n<p>Heading + desc<\/p>\n<h6>Presupuesto sin compromiso<\/h6>\n<p>Ll\u00e1meme:<br \/>\n<br \/> <a href=\"tel:608275111\">608 27 51 11<\/a><br \/>center<br \/>#252525<br \/>no-repeat;center top;;<br \/>auto<br \/>20px<\/p>\n<p>Desc<\/p>\n<h3>Calentadores<\/h3>\n<p>no-repeat;center top;;<br \/>auto<br \/>10px<br \/>0 8%<\/p>\n<p><img decoding=\"async\" src=\"https:\/\/manfredrischert.eu\/wp-content\/uploads\/2019\/04\/infrarotheizung-marbella-home.jpg\" alt=\"\" \/><br \/><a href=\"\/es\/calefaccion\/\">\/es\/calefaccion\/<\/a><br \/>fadeIn<\/p>\n<p>Desc<br \/>Los calentadores infrarrojos emiten un calor saludable, ahorran dinero e impresionan con su elegancia en vidrio, cer\u00e1mica o metal.<br \/>no-repeat;center top;;<br \/>auto<br \/>0 8%<\/p>\n<p>Desc<\/p>\n<h3>Ba\u00f1os<\/h3>\n<p>no-repeat;center top;;<br \/>auto<br \/>10px<br \/>0 8%<\/p>\n<p><img decoding=\"async\" src=\"https:\/\/manfredrischert.eu\/wp-content\/uploads\/2019\/04\/bad-renovierung-home.jpg\" alt=\"\" \/><br \/><a href=\"\/es\/banos\">\/es\/banos<\/a><br \/>fadeIn<\/p>\n<p>Desc<br \/>Manfred Rischert se encarga de las renovaciones parciales y completas, as\u00ed como de las reparaciones en ba\u00f1os de alto est\u00e1ndar.<br \/>no-repeat;center top;;<br \/>auto<br \/>0 8%<\/p>\n<p>Desc<\/p>\n<h3>Placas solares<\/h3>\n<p>no-repeat;center top;;<br \/>auto<br \/>10px<br \/>0 8%<\/p>\n<p><img decoding=\"async\" src=\"https:\/\/manfredrischert.eu\/wp-content\/uploads\/2019\/04\/solar-malaga-home.jpg\" alt=\"\" \/><br \/><a href=\"\/es\/placas-solares\">\/es\/placas-solares<\/a><br \/>fadeIn<\/p>\n<p>Desc<br \/>Las placas solares para agua caliente dom\u00e9stica son ideales en el sur de Espa\u00f1a y se amortizan r\u00e1pidamente.<br \/>no-repeat;center top;;<br \/>auto<br \/>0 8%<\/p>\n<p>date<br \/>DESC<\/p>\n<p><img decoding=\"async\" src=\"https:\/\/manfredrischert.eu\/wp-content\/uploads\/2019\/05\/desde-2007.png\" alt=\"\" \/><br \/>center<br \/>zoomIn<\/p>\n<p>Heading + desc<\/p>\n<h2>Manfred Rischert<\/h2>\n<p>trabaja bajo el nombre de la compa\u00f1\u00eda Calefacci\u00f3n Fontaner\u00eda desde 2007 como fontanero capacitado en la Costa del Sol. Sus principales \u00e1reas de experiencia incluyen la renovaci\u00f3n y reparaci\u00f3n de ba\u00f1os, la venta e instalaci\u00f3n de calentadores infrarrojos de bajo consumo, as\u00ed como placas solares para el calentamiento de agua caliente y diversos trabajos de fontaner\u00eda. Descubre m\u00e1s <a href=\"\/es\/sobre-nosotros\">aqu\u00ed<\/a><br \/>no-repeat;center top;;<br \/>auto<\/p>\n<p>Heading<\/p>\n<h4>Im\u00e1genes de nuestros trabajos<\/h4>\n<p>center<br \/>no-repeat;center top;;<br \/>auto<\/p>\n<p>40<br \/>default<\/p>\n<p>date<br \/>DESC<br \/>center<br \/>dark<\/p>\n","protected":false},"excerpt":{"rendered":"<p>center center Box Especialidades Ba\u00f1os Calefacci\u00f3n Placas solares Fontaner\u00edano-repeat;center top;;auto0px20px 20px 20px 20px Heading + desc Presupuesto sin compromiso Ll\u00e1meme: 608 27 51 11center#252525no-repeat;center top;;auto20px Desc<span class=\"excerpt-hellip\"> [\u2026]<\/span><\/p>\n","protected":false},"author":1,"featured_media":0,"parent":0,"menu_order":0,"comment_status":"closed","ping_status":"open","template":"","meta":{"ngg_post_thumbnail":0},"_links":{"self":[{"href":"https:\/\/manfredrischert.eu\/es\/wp-json\/wp\/v2\/pages\/467"}],"collection":[{"href":"https:\/\/manfredrischert.eu\/es\/wp-json\/wp\/v2\/pages"}],"about":[{"href":"https:\/\/manfredrischert.eu\/es\/wp-json\/wp\/v2\/types\/page"}],"author":[{"embeddable":true,"href":"https:\/\/manfredrischert.eu\/es\/wp-json\/wp\/v2\/users\/1"}],"replies":[{"embeddable":true,"href":"https:\/\/manfredrischert.eu\/es\/wp-json\/wp\/v2\/comments?post=467"}],"version-history":[{"count":3,"href":"https:\/\/manfredrischert.eu\/es\/wp-json\/wp\/v2\/pages\/467\/revisions"}],"predecessor-version":[{"id":671,"href":"https:\/\/manfredrischert.eu\/es\/wp-json\/wp\/v2\/pages\/467\/revisions\/671"}],"wp:attachment":[{"href":"https:\/\/manfredrischert.eu\/es\/wp-json\/wp\/v2\/media?parent=467"}],"curies":[{"name":"wp","href":"https:\/\/api.w.org\/{rel}","templated":true}]}}