{"id":464,"date":"2019-04-04T11:44:37","date_gmt":"2019-04-04T11:44:37","guid":{"rendered":"http:\/\/wp.manfredrischert.eu\/solar\/"},"modified":"2021-01-13T15:44:03","modified_gmt":"2021-01-13T13:44:03","slug":"placas-solares","status":"publish","type":"page","link":"https:\/\/manfredrischert.eu\/es\/placas-solares\/","title":{"rendered":"Placas solares"},"content":{"rendered":"<p>La calidad de vida en la Costa del Sol es particularmente alta para los est\u00e1ndares globales. Una de las razones son los m\u00e1s de 300 d\u00edas de sol al a\u00f1o. Es obvio que hay que usar los rayos del sol como fuente de energ\u00eda. Especialmente recomendada en este contexto es la instalaci\u00f3n de un sistema de energ\u00eda solar t\u00e9rmica para el tratamiento de agua caliente.<\/p>\n<p>Dependiendo del uso, este sistema se amortiza con bastante rapidez. Finalmente, el tratamiento de agua caliente es uno de los mayores consumidores de energ\u00eda en el hogar. Para un hogar de varias personas con un uso m\u00e1s o menos permanente, la instalaci\u00f3n de un sistema solar t\u00e9rmico est\u00e1 indicada por razones ambientales y de costo.<\/p>\n<p>La empresa Calefacci\u00f3n Fontaner\u00eda lleva a\u00f1os trabajando en este campo con productos de la empresa de calidad alemana JUNKERS. Las calderas habituales almacenan 200 litros de agua caliente. Esto es suficiente para un hogar de hasta cinco personas.<\/p>\n<p>Por cierto, los sistemas solares JUNKERS se pueden instalar simplemente por medio de un soporte (techo plano o a dos aguas) o por medio de un marco de terraza. Y no se preocupe: si el sol est\u00e1 cubierto durante mucho tiempo por las nubes, entonces se cambia autom\u00e1ticamente a electricidad para el tratamiento de agua caliente.<\/p>\n","protected":false},"excerpt":{"rendered":"<p>La calidad de vida en la Costa del Sol es particularmente alta para los est\u00e1ndares globales. Una de las razones son los m\u00e1s de 300 d\u00edas<span class=\"excerpt-hellip\"> [\u2026]<\/span><\/p>\n","protected":false},"author":1,"featured_media":0,"parent":0,"menu_order":0,"comment_status":"closed","ping_status":"closed","template":"","meta":{"ngg_post_thumbnail":0},"_links":{"self":[{"href":"https:\/\/manfredrischert.eu\/es\/wp-json\/wp\/v2\/pages\/464"}],"collection":[{"href":"https:\/\/manfredrischert.eu\/es\/wp-json\/wp\/v2\/pages"}],"about":[{"href":"https:\/\/manfredrischert.eu\/es\/wp-json\/wp\/v2\/types\/page"}],"author":[{"embeddable":true,"href":"https:\/\/manfredrischert.eu\/es\/wp-json\/wp\/v2\/users\/1"}],"replies":[{"embeddable":true,"href":"https:\/\/manfredrischert.eu\/es\/wp-json\/wp\/v2\/comments?post=464"}],"version-history":[{"count":1,"href":"https:\/\/manfredrischert.eu\/es\/wp-json\/wp\/v2\/pages\/464\/revisions"}],"predecessor-version":[{"id":466,"href":"https:\/\/manfredrischert.eu\/es\/wp-json\/wp\/v2\/pages\/464\/revisions\/466"}],"wp:attachment":[{"href":"https:\/\/manfredrischert.eu\/es\/wp-json\/wp\/v2\/media?parent=464"}],"curies":[{"name":"wp","href":"https:\/\/api.w.org\/{rel}","templated":true}]}}