{"id":461,"date":"2019-04-18T09:41:16","date_gmt":"2019-04-18T09:41:16","guid":{"rendered":"http:\/\/wp.manfredrischert.eu\/uber\/"},"modified":"2019-05-15T00:19:36","modified_gmt":"2019-05-14T22:19:36","slug":"sobre-nosotros","status":"publish","type":"page","link":"https:\/\/manfredrischert.eu\/es\/sobre-nosotros\/","title":{"rendered":"Manfred Rischert"},"content":{"rendered":"<p>Manfred Rischert es un fontanero especializado en agua y calefacci\u00f3n. Nativo de Palatinado de Renania, ya desde 2007 trabaja en la Costa del Sol. Su empresa se encuentra en Torrox-Costa, por lo que su principal campo de acci\u00f3n es la Axarqu\u00eda, pero tiene clientes en la zona oeste, como en Marbella y Estepona.<\/p>\n<p>Manfred Rischert convence por la calidad y su fiabilidad. Esto se ha rumoreado en todo el litoral. La calidad &#8216;Made in Germany&#8217; no es solo la caracter\u00edstica para la ejecuci\u00f3n de su trabajo, es tambi\u00e9n garant\u00eda en los mejores productos y materiales.<\/p>\n<p>Tambi\u00e9n se presta especial atenci\u00f3n a un precio adecuado. \u00abCalidad a un precio razonable, sin recargos sobrevalorados\u00bb anuncia el lema del simp\u00e1tico fontanero.<\/p>\n<p>El alcance de los servicios de la empresa Calefacci\u00f3n Fontaner\u00eda incluye trabajos de fontaner\u00eda, la instalaci\u00f3n de sistemas de energ\u00eda solar t\u00e9rmica para el calentamiento del agua de servicio, la renovaci\u00f3n y el redise\u00f1o de ba\u00f1os, as\u00ed como la instalaci\u00f3n de calentadores de infrarrojos eficientes de la empresa alemana infranomic. Los elementos de calefacci\u00f3n certificados por T\u00dcV no solo son econ\u00f3micos y saludables, sino que tambi\u00e9n tienen una garant\u00eda de 5 a\u00f1os.<\/p>\n<p>P\u00f3ngase en contacto con nosotros <a href=\"\/es\/contacto\">aqu\u00ed<\/a> para obtener presupuesto.<\/p>\n","protected":false},"excerpt":{"rendered":"<p>Manfred Rischert es un fontanero especializado en agua y calefacci\u00f3n. Nativo de Palatinado de Renania, ya desde 2007 trabaja en la Costa del Sol. Su empresa<span class=\"excerpt-hellip\"> [\u2026]<\/span><\/p>\n","protected":false},"author":1,"featured_media":0,"parent":0,"menu_order":0,"comment_status":"closed","ping_status":"closed","template":"","meta":{"ngg_post_thumbnail":0},"_links":{"self":[{"href":"https:\/\/manfredrischert.eu\/es\/wp-json\/wp\/v2\/pages\/461"}],"collection":[{"href":"https:\/\/manfredrischert.eu\/es\/wp-json\/wp\/v2\/pages"}],"about":[{"href":"https:\/\/manfredrischert.eu\/es\/wp-json\/wp\/v2\/types\/page"}],"author":[{"embeddable":true,"href":"https:\/\/manfredrischert.eu\/es\/wp-json\/wp\/v2\/users\/1"}],"replies":[{"embeddable":true,"href":"https:\/\/manfredrischert.eu\/es\/wp-json\/wp\/v2\/comments?post=461"}],"version-history":[{"count":3,"href":"https:\/\/manfredrischert.eu\/es\/wp-json\/wp\/v2\/pages\/461\/revisions"}],"predecessor-version":[{"id":593,"href":"https:\/\/manfredrischert.eu\/es\/wp-json\/wp\/v2\/pages\/461\/revisions\/593"}],"wp:attachment":[{"href":"https:\/\/manfredrischert.eu\/es\/wp-json\/wp\/v2\/media?parent=461"}],"curies":[{"name":"wp","href":"https:\/\/api.w.org\/{rel}","templated":true}]}}