{"id":451,"date":"2019-04-04T11:45:54","date_gmt":"2019-04-04T11:45:54","guid":{"rendered":"http:\/\/wp.manfredrischert.eu\/klempner\/"},"modified":"2021-01-13T15:45:12","modified_gmt":"2021-01-13T13:45:12","slug":"fontaneria","status":"publish","type":"page","link":"https:\/\/manfredrischert.eu\/es\/fontaneria\/","title":{"rendered":"Fontaner\u00eda"},"content":{"rendered":"<p>Manfred Rischert instala profesionalmente componentes de alta calidad en los sectores de gas, agua, calefacci\u00f3n y saneamiento. Esto incluye la reparaci\u00f3n y mantenimiento de instalaciones sanitarias o calderas de gas y el\u00e9ctricas.<\/p>\n<p>Rischert tambi\u00e9n tiene una soluci\u00f3n eficiente para el ablandamiento y tratamiento del agua a trav\u00e9s del intercambio i\u00f3nico.<\/p>\n<p>Una parte importante de sus actividades es el an\u00e1lisis preciso, la planificaci\u00f3n y el montaje. Adem\u00e1s de los sencillos trabajos de fontaner\u00eda, como la reparaci\u00f3n de tuber\u00edas o tuber\u00edas de gas o la sustituci\u00f3n de accesorios, lavabos o fregaderos, Rischert tambi\u00e9n se encarga de la renovaci\u00f3n o la construcci\u00f3n completa de ba\u00f1os nuevos.<\/p>\n","protected":false},"excerpt":{"rendered":"<p>Manfred Rischert instala profesionalmente componentes de alta calidad en los sectores de gas, agua, calefacci\u00f3n y saneamiento. Esto incluye la reparaci\u00f3n y mantenimiento de instalaciones sanitarias<span class=\"excerpt-hellip\"> [\u2026]<\/span><\/p>\n","protected":false},"author":1,"featured_media":0,"parent":0,"menu_order":0,"comment_status":"closed","ping_status":"closed","template":"","meta":{"ngg_post_thumbnail":0},"_links":{"self":[{"href":"https:\/\/manfredrischert.eu\/es\/wp-json\/wp\/v2\/pages\/451"}],"collection":[{"href":"https:\/\/manfredrischert.eu\/es\/wp-json\/wp\/v2\/pages"}],"about":[{"href":"https:\/\/manfredrischert.eu\/es\/wp-json\/wp\/v2\/types\/page"}],"author":[{"embeddable":true,"href":"https:\/\/manfredrischert.eu\/es\/wp-json\/wp\/v2\/users\/1"}],"replies":[{"embeddable":true,"href":"https:\/\/manfredrischert.eu\/es\/wp-json\/wp\/v2\/comments?post=451"}],"version-history":[{"count":2,"href":"https:\/\/manfredrischert.eu\/es\/wp-json\/wp\/v2\/pages\/451\/revisions"}],"predecessor-version":[{"id":661,"href":"https:\/\/manfredrischert.eu\/es\/wp-json\/wp\/v2\/pages\/451\/revisions\/661"}],"wp:attachment":[{"href":"https:\/\/manfredrischert.eu\/es\/wp-json\/wp\/v2\/media?parent=451"}],"curies":[{"name":"wp","href":"https:\/\/api.w.org\/{rel}","templated":true}]}}