{"id":437,"date":"2017-07-14T10:52:44","date_gmt":"2017-07-14T10:52:44","guid":{"rendered":"http:\/\/wp.manfredrischert.eu\/bad\/"},"modified":"2024-12-30T19:43:55","modified_gmt":"2024-12-30T17:43:55","slug":"banos","status":"publish","type":"page","link":"https:\/\/manfredrischert.eu\/es\/banos\/","title":{"rendered":"Ba\u00f1os"},"content":{"rendered":"<p>Imag\u00ednese, el d\u00eda comienza con una suave ducha de lluvia combinada con un masaje con agua. Adem\u00e1s una gran experiencia de luz LED.<\/p>\n<p>Nos encargamos de la renovaci\u00f3n o la reconstrucci\u00f3n completa del ba\u00f1o de sus sue\u00f1os, incluida la retirada de las instalaciones sanitarias antiguas y toda la construcci\u00f3n y trabajos de alicatado.<\/p>\n<p>Todo es factible, ya sea que prefiera un ba\u00f1o m\u00e1s funcional o un peque\u00f1o oasis de bienestar en su propia casa. Deja que tanto tu creatividad como la nuestra, vuelen.<\/p>\n<p>Con gusto le asesoraremos y le ayudaremos con la selecci\u00f3n de todos los materiales de construcci\u00f3n y accesorios, y luego los instalaremos de acuerdo con sus deseos y siempre de forma profesional y profesional. \u00a1Un nuevo ba\u00f1o es como una nueva vida!<\/p>\n","protected":false},"excerpt":{"rendered":"<p>Imag\u00ednese, el d\u00eda comienza con una suave ducha de lluvia combinada con un masaje con agua. Adem\u00e1s una gran experiencia de luz LED. Nos encargamos de<span class=\"excerpt-hellip\"> [\u2026]<\/span><\/p>\n","protected":false},"author":1,"featured_media":0,"parent":0,"menu_order":0,"comment_status":"closed","ping_status":"closed","template":"","meta":{"ngg_post_thumbnail":0},"_links":{"self":[{"href":"https:\/\/manfredrischert.eu\/es\/wp-json\/wp\/v2\/pages\/437"}],"collection":[{"href":"https:\/\/manfredrischert.eu\/es\/wp-json\/wp\/v2\/pages"}],"about":[{"href":"https:\/\/manfredrischert.eu\/es\/wp-json\/wp\/v2\/types\/page"}],"author":[{"embeddable":true,"href":"https:\/\/manfredrischert.eu\/es\/wp-json\/wp\/v2\/users\/1"}],"replies":[{"embeddable":true,"href":"https:\/\/manfredrischert.eu\/es\/wp-json\/wp\/v2\/comments?post=437"}],"version-history":[{"count":1,"href":"https:\/\/manfredrischert.eu\/es\/wp-json\/wp\/v2\/pages\/437\/revisions"}],"predecessor-version":[{"id":439,"href":"https:\/\/manfredrischert.eu\/es\/wp-json\/wp\/v2\/pages\/437\/revisions\/439"}],"wp:attachment":[{"href":"https:\/\/manfredrischert.eu\/es\/wp-json\/wp\/v2\/media?parent=437"}],"curies":[{"name":"wp","href":"https:\/\/api.w.org\/{rel}","templated":true}]}}