{"id":428,"date":"2019-04-04T11:45:09","date_gmt":"2019-04-04T11:45:09","guid":{"rendered":"http:\/\/wp.manfredrischert.eu\/heizung\/"},"modified":"2021-01-13T15:42:54","modified_gmt":"2021-01-13T13:42:54","slug":"calefaccion","status":"publish","type":"page","link":"https:\/\/manfredrischert.eu\/es\/calefaccion\/","title":{"rendered":"Calefacci\u00f3n"},"content":{"rendered":"<p>Desde la creaci\u00f3n del sistema solar, la Naturaleza ha elegido al infrarrojo lejano como el m\u00e9todo m\u00e1s eficaz de suministrar calor y para las condiciones de vida en la tierra. La luz infrarroja es totalmente diferente a la ultra violeta y es completamente segura; de hecho, el ser humano est\u00e1 acostumbrado y dise\u00f1ado para recibirlos y sus beneficios se han demostrado m\u00e9dicamente durante d\u00e9cadas.<\/p>\n<p>Los calefactores infraNOMIC se pueden utilizar en todas las \u00e1reas de la casa y son ideales para la calefacci\u00f3n de hogares de vacaciones en temporada.<\/p>\n<p>Las unidades de calefacci\u00f3n de infraNOMIC tienen un grosor que var\u00eda de los 14 mm hasta 26 mm por lo que son ideales para ahorrar espacio. Han sido galardonados con una certificaci\u00f3n T\u00dcV y est\u00e1n fabricados a mano en Alemania.<\/p>\n<h2>Potencia tu salud<\/h2>\n<p>El calor generado por Infranomic mantiene la humedad del aire a un nivel constante. Esto es especialmente recomendado para las personas que sufren de reumatismo o afecciones similares. Las personas con asma y alergias pueden respirar profundamente: infraNOMIC apenas levanta polvo ya que la circulaci\u00f3n del aire es mucho menos pronunciada que con los sistemas convencionales de calefacci\u00f3n.<\/p>\n<p>El calor por infrarrojos puede tener efectos a\u00fan m\u00e1s positivos en el cuerpo. Puede estimular el flujo de sangre a la piel y reforzar el sistema inmunol\u00f3gico. La luz infrarroja tambi\u00e9n estimula el metabolismo y tiene un efecto de limpieza. infraNOMIC proporciona lo que es probablemente la forma m\u00e1s c\u00f3moda de calefacci\u00f3n.<\/p>\n<h3>Energ\u00eda eficiente y respetuosa con el medio ambiente<\/h3>\n<p>Comprar infraNOMIC le resultar\u00e1 rentable. No necesitar\u00e1 un sistema de calefacci\u00f3n central, ni caldera o chimenea. La instalaci\u00f3n es muy sencilla y a cualquiera que tenga la m\u00e1s m\u00ednima aptitud t\u00e9cnica le resultar\u00e1 f\u00e1cil.<\/p>\n<p>infraNOMIC tiene un nivel de eficiencia de casi el 100% \u2013 casi toda la energ\u00eda usada es para la calefacci\u00f3n. Una ventaja adicional es que no precisa mantenimiento alguno: los componentes de los calefactores infraNOMIC no sufren desgaste y tienen una esperanza de vida muy larga.<\/p>\n<p>Tambi\u00e9n puede ahorrar dinero con los costos de operaci\u00f3n en comparaci\u00f3n con los sistemas convencionales de calefacci\u00f3n. Al utilizar s\u00f3lo energ\u00eda el\u00e9ctrica, podr\u00e1 despreocuparse de las subidas de los precios del gas y del petr\u00f3leo. Con la opci\u00f3n de electricidad verde, infraNOMIC es una soluci\u00f3n de primera clase respetuosa con el medio ambiente.<\/p>\n<p>M\u00e1s informaci\u00f3n en nuestro socio Infranomic bajo <a href=\"http:\/\/www.infranomic.de\" target=\"_blank\" rel=\"noopener noreferrer\">www.infranomic.de<\/a><\/p>\n","protected":false},"excerpt":{"rendered":"<p>Desde la creaci\u00f3n del sistema solar, la Naturaleza ha elegido al infrarrojo lejano como el m\u00e9todo m\u00e1s eficaz de suministrar calor y para las condiciones de<span class=\"excerpt-hellip\"> [\u2026]<\/span><\/p>\n","protected":false},"author":1,"featured_media":0,"parent":0,"menu_order":0,"comment_status":"closed","ping_status":"closed","template":"","meta":{"ngg_post_thumbnail":0},"_links":{"self":[{"href":"https:\/\/manfredrischert.eu\/es\/wp-json\/wp\/v2\/pages\/428"}],"collection":[{"href":"https:\/\/manfredrischert.eu\/es\/wp-json\/wp\/v2\/pages"}],"about":[{"href":"https:\/\/manfredrischert.eu\/es\/wp-json\/wp\/v2\/types\/page"}],"author":[{"embeddable":true,"href":"https:\/\/manfredrischert.eu\/es\/wp-json\/wp\/v2\/users\/1"}],"replies":[{"embeddable":true,"href":"https:\/\/manfredrischert.eu\/es\/wp-json\/wp\/v2\/comments?post=428"}],"version-history":[{"count":5,"href":"https:\/\/manfredrischert.eu\/es\/wp-json\/wp\/v2\/pages\/428\/revisions"}],"predecessor-version":[{"id":510,"href":"https:\/\/manfredrischert.eu\/es\/wp-json\/wp\/v2\/pages\/428\/revisions\/510"}],"wp:attachment":[{"href":"https:\/\/manfredrischert.eu\/es\/wp-json\/wp\/v2\/media?parent=428"}],"curies":[{"name":"wp","href":"https:\/\/api.w.org\/{rel}","templated":true}]}}