{"id":512,"date":"2019-04-18T09:41:16","date_gmt":"2019-04-18T09:41:16","guid":{"rendered":"http:\/\/wp.manfredrischert.eu\/nosotros\/"},"modified":"2019-05-15T00:12:08","modified_gmt":"2019-05-14T22:12:08","slug":"about","status":"publish","type":"page","link":"https:\/\/manfredrischert.eu\/en\/about\/","title":{"rendered":"Manfred Rischert"},"content":{"rendered":"<p>Manfred Rischert is a workman who specialises in plumbing and heating. A native of Rhineland-Palatinate in Germany, he has been working on the Costa del Sol since 2007.<\/p>\n<p>His company, Calefacci\u00f3n Fontaner\u00eda, is based in Torrox-Costa, so he works mainly in the Axarqu\u00eda, but he also has customers further west, as far as Marbella and Estepona.<\/p>\n<p>Manfred is known all along the coast for the quality of his work and his reliability. The \u2018Made in Germany\u2019 tag is not only a guarantee of fantastic results, but also of top-quality products and materials.<\/p>\n<p>However, with that, also comes a fair price. \u201cQuality at a reasonable price, with no unnecessary surcharges,\u201d is his motto.<\/p>\n<p>The scope of services offered by Calefacci\u00f3n Fontaner\u00eda includes plumbing work, the installation of solar thermal systems for domestic hot water heating, the renovation and redesign of bathrooms, as well as the installation of efficient infrared heaters from German company infraNOMIC. T\u00dcV-certified heating elements are not only economical and good for your health, but they also come with a five-year warranty.<\/p>\n<p><a href=\"https:\/\/manfredrischert.eu\/en\/contact\/\">Get in contact with us to get your free quote<\/a>!<\/p>\n","protected":false},"excerpt":{"rendered":"<p>Manfred Rischert is a workman who specialises in plumbing and heating. A native of Rhineland-Palatinate in Germany, he has been working on the Costa del Sol<span class=\"excerpt-hellip\"> [\u2026]<\/span><\/p>\n","protected":false},"author":1,"featured_media":0,"parent":0,"menu_order":0,"comment_status":"closed","ping_status":"closed","template":"","meta":{"ngg_post_thumbnail":0},"_links":{"self":[{"href":"https:\/\/manfredrischert.eu\/en\/wp-json\/wp\/v2\/pages\/512"}],"collection":[{"href":"https:\/\/manfredrischert.eu\/en\/wp-json\/wp\/v2\/pages"}],"about":[{"href":"https:\/\/manfredrischert.eu\/en\/wp-json\/wp\/v2\/types\/page"}],"author":[{"embeddable":true,"href":"https:\/\/manfredrischert.eu\/en\/wp-json\/wp\/v2\/users\/1"}],"replies":[{"embeddable":true,"href":"https:\/\/manfredrischert.eu\/en\/wp-json\/wp\/v2\/comments?post=512"}],"version-history":[{"count":4,"href":"https:\/\/manfredrischert.eu\/en\/wp-json\/wp\/v2\/pages\/512\/revisions"}],"predecessor-version":[{"id":594,"href":"https:\/\/manfredrischert.eu\/en\/wp-json\/wp\/v2\/pages\/512\/revisions\/594"}],"wp:attachment":[{"href":"https:\/\/manfredrischert.eu\/en\/wp-json\/wp\/v2\/media?parent=512"}],"curies":[{"name":"wp","href":"https:\/\/api.w.org\/{rel}","templated":true}]}}